{"id":1357,"date":"2024-10-25T10:40:08","date_gmt":"2024-10-25T07:40:08","guid":{"rendered":"https:\/\/vistabella.world\/ana-sayfa\/"},"modified":"2025-11-07T15:08:07","modified_gmt":"2025-11-07T12:08:07","slug":"ana-sayfa","status":"publish","type":"page","link":"https:\/\/vistabella.world\/en\/","title":{"rendered":"Home"},"content":{"rendered":"<div style=\"background-image:url(&#039;https:\/\/images.unsplash.com\/photo-1465820909510-5aa8bb14978f?crop=entropy&amp;cs=srgb&amp;fm=jpg&amp;ixid=M3w0NTI1Mzl8MHwxfHNlYXJjaHwxfHxqZXdlbHJ5JTIwYm94ZXN8ZW58MHx8fHwxNzI5ODUyODA4fDA&amp;ixlib=rb-4.0.3&amp;q=85&amp;w=1920&amp;h=800&amp;fit=crop&#039;);background-position:50% 50%;background-size:cover;\" class=\"wp-block-group alignfull hostinger-ai-background-image hostinger-ai-hero-opacity has-background\"><div class=\"wp-block-group__inner-container is-layout-constrained wp-block-group-is-layout-constrained\">\n    <div class=\"wp-block-group alignwide is-vertical is-content-justification-center is-nowrap is-layout-flex wp-container-core-group-is-layout-2 wp-block-group-is-layout-flex\" style=\"min-height:800px;padding-top:var(--wp--preset--spacing--40);padding-bottom:var(--wp--preset--spacing--40)\">\n        <div class=\"wp-block-group wp-container-content-1 is-content-justification-center\"><div class=\"wp-block-group__inner-container is-layout-constrained wp-block-group-is-layout-constrained\">\n            <h1 class=\"wp-block-heading has-text-align-center hostinger-ai-title has-light-color has-text-color has-link-color has-xx-large-font-size wp-elements-beeeb4c56e0c1e85bb763fc627f512cf\" style=\"margin-top:0;margin-right:0;margin-bottom:0;margin-left:0\">M\u00fccevherat Kutular\u0131<\/h1>\n            \n\n            \n            <p class=\"has-text-align-center hostinger-ai-description has-light-color has-text-color has-link-color has-medium-font-size wp-elements-3215d33d40a91192c133210375761f0c\" style=\"margin-top:var(--wp--preset--spacing--20);margin-bottom:var(--wp--preset--spacing--50)\">Vista Bella ile \u015f\u0131kl\u0131\u011f\u0131 ve zarafeti m\u00fccevherat kutular\u0131nda ke\u015ffedin.<\/p>\n            \n\n            \n            <div class=\"wp-block-buttons is-content-justification-center is-layout-flex wp-container-core-buttons-is-layout-1 wp-block-buttons-is-layout-flex\">\n                <div class=\"wp-block-button has-custom-font-size hostinger-ai-cta-button has-medium-font-size\"><a class=\"wp-block-button__link has-light-color has-contrast-background-color has-text-color has-background has-link-color has-border-color has-light-border-color wp-element-button\" style=\"padding-top:var(--wp--preset--spacing--30);padding-right:var(--wp--preset--spacing--70);padding-bottom:var(--wp--preset--spacing--30);padding-left:var(--wp--preset--spacing--70)\">Hemen \u0130ncele<\/a><\/div>\n                <\/div>\n            <\/div><\/div>\n        <\/div>\n    <\/div><\/div>\n<div class=\"wp-block-group alignwide\" style=\"padding-top:0;padding-bottom:0\"><div class=\"wp-block-group__inner-container is-layout-constrained wp-block-group-is-layout-constrained\">\n    <div class=\"wp-block-group alignwide is-nowrap is-layout-flex wp-container-core-group-is-layout-4 wp-block-group-is-layout-flex\" style=\"margin-bottom:0\">\n        <div class=\"wp-block-columns is-layout-flex wp-container-core-columns-is-layout-1 wp-block-columns-is-layout-flex\">\n            <div class=\"wp-block-column is-layout-flow wp-block-column-is-layout-flow\" style=\"flex-basis:50%\">\n                <h2 class=\"wp-block-heading hostinger-ai-title has-x-large-font-size\" style=\"margin-bottom:0\">M\u00fccevherat Kutular\u0131<\/h2>\n                <\/div>\n            \n\n            \n            <div class=\"wp-block-column is-vertically-aligned-center has-small-font-size is-layout-constrained wp-block-column-is-layout-constrained\" style=\"flex-basis:50%\">\n                <p class=\"hostinger-ai-description has-medium-font-size\">Vista Bella markas\u0131 alt\u0131nda, m\u00fccevherat kutular\u0131 ve kuyumcular\u0131n vitrinlerinde yer alan \u015f\u0131k dekor \u00fcr\u00fcnlerini tan\u0131tmay\u0131 ama\u00e7l\u0131yoruz. Kalite ve estetik \u00f6nceli\u011fimizdir.<\/p>\n                <\/div>\n            <\/div>\n        <\/div>\n    \n\n    \n    <div class=\"wp-block-group alignwide is-nowrap is-layout-flex wp-container-core-group-is-layout-5 wp-block-group-is-layout-flex\" style=\"margin-bottom:0;padding-top:var(--wp--preset--spacing--30)\">\n        <figure class=\"wp-block-image alignfull size-full has-custom-border hostinger-ai-image\"><img decoding=\"async\" src=\"https:\/\/images.unsplash.com\/photo-1515562141207-7a88fb7ce338?crop=entropy&amp;cs=srgb&amp;fm=jpg&amp;ixid=M3w0NTI1Mzl8MHwxfHNlYXJjaHwyfHxqZXdlbHJ5JTIwYm94ZXN8ZW58MHx8fHwxNzI5ODUyODA4fDA&amp;ixlib=rb-4.0.3&amp;q=85&amp;w=1100&amp;h=359&amp;fit=crop\" alt=\"\" class=\"wp-image-119\" style=\"border-radius:8px\"><\/figure>\n        <\/div>\n    <\/div><\/div>\n<div class=\"wp-block-group alignfull\"><div class=\"wp-block-group__inner-container is-layout-constrained wp-block-group-is-layout-constrained\">\n    <div class=\"wp-block-group alignwide is-content-justification-left\"><div class=\"wp-block-group__inner-container is-layout-constrained wp-container-core-group-is-layout-11 wp-block-group-is-layout-constrained\">\n        <h2 class=\"wp-block-heading is-style-default hostinger-ai-title has-dark-color has-text-color has-link-color has-x-large-font-size wp-elements-a71549a68a503dd35b73f76dddd02d1f\" style=\"margin-bottom:var(--wp--preset--spacing--50)\">M\u00fccevherat Kutular\u0131<\/h2>\n        \n\n        \n        <div class=\"wp-block-group alignwide is-layout-grid wp-container-core-group-is-layout-10 wp-block-group-is-layout-grid\">\n            <div class=\"wp-block-group\" style=\"padding-top:0;padding-right:var(--wp--preset--spacing--20);padding-bottom:0;padding-left:var(--wp--preset--spacing--20)\"><div class=\"wp-block-group__inner-container is-layout-constrained wp-container-core-group-is-layout-7 wp-block-group-is-layout-constrained\">\n                <figure class=\"wp-block-image size-full has-custom-border hostinger-ai-service-image\"><img decoding=\"async\" src=\"https:\/\/images.unsplash.com\/photo-1502652023201-a16bde8138d2?crop=entropy&amp;cs=srgb&amp;fm=jpg&amp;ixid=M3w0NTI1Mzl8MHwxfHNlYXJjaHwzfHxqZXdlbHJ5JTIwYm94ZXN8ZW58MHx8fHwxNzI5ODUyODA4fDA&amp;ixlib=rb-4.0.3&amp;q=85&amp;w=340&amp;h=340&amp;fit=crop\" alt=\"\" class=\"wp-image-160\" style=\"border-radius:8px\"><\/figure>\n                \n\n                \n                <p class=\"hostinger-ai-service-description has-dark-color has-text-color has-link-color has-medium-font-size wp-elements-60adf30dbd99a2c836fac77f75b35397\" style=\"margin-top:var(--wp--preset--spacing--40)\">Vista Bella markas\u0131yla \u015f\u0131k m\u00fccevherat kutular\u0131n\u0131 ke\u015ffedin, zarafeti yans\u0131t\u0131n.<\/p>\n                <\/div><\/div>\n            \n\n            \n            <div class=\"wp-block-group\" style=\"padding-right:var(--wp--preset--spacing--20);padding-left:var(--wp--preset--spacing--20)\"><div class=\"wp-block-group__inner-container is-layout-constrained wp-container-core-group-is-layout-8 wp-block-group-is-layout-constrained\">\n                <figure class=\"wp-block-image size-full has-custom-border hostinger-ai-service-image hostinger-index-1\"><img decoding=\"async\" src=\"https:\/\/images.unsplash.com\/photo-1505686183080-0020a5979305?crop=entropy&amp;cs=srgb&amp;fm=jpg&amp;ixid=M3w0NTI1Mzl8MHwxfHNlYXJjaHw0fHxqZXdlbHJ5JTIwYm94ZXN8ZW58MHx8fHwxNzI5ODUyODA4fDA&amp;ixlib=rb-4.0.3&amp;q=85&amp;w=340&amp;h=340&amp;fit=crop\" alt=\"\" class=\"wp-image-160\" style=\"border-radius:8px\"><\/figure>\n                \n\n                \n                <p class=\"hostinger-ai-service-description hostinger-index-1 has-dark-color has-text-color has-link-color has-medium-font-size wp-elements-aac613d812ade59acc173daead331ec3\" style=\"margin-top:var(--wp--preset--spacing--40)\">Kuyumcular i\u00e7in \u00f6zel tasar\u0131m vitrin kutular\u0131yla m\u00fccevherlerinizi sergileyin.<\/p>\n                <\/div><\/div>\n            \n\n            \n            <div class=\"wp-block-group\" style=\"padding-right:var(--wp--preset--spacing--20);padding-left:var(--wp--preset--spacing--20)\"><div class=\"wp-block-group__inner-container is-layout-constrained wp-container-core-group-is-layout-9 wp-block-group-is-layout-constrained\">\n                <figure class=\"wp-block-image size-full has-custom-border hostinger-ai-service-image hostinger-index-2\"><img decoding=\"async\" src=\"https:\/\/images.unsplash.com\/photo-1729538269614-95b399423ffc?crop=entropy&amp;cs=srgb&amp;fm=jpg&amp;ixid=M3w0NTI1Mzl8MHwxfHNlYXJjaHw1fHxqZXdlbHJ5JTIwYm94ZXN8ZW58MHx8fHwxNzI5ODUyODA4fDA&amp;ixlib=rb-4.0.3&amp;q=85&amp;w=340&amp;h=340&amp;fit=crop\" alt=\"\" class=\"wp-image-160\" style=\"border-radius:8px\"><\/figure>\n                \n\n                \n                <p class=\"hostinger-ai-service-description hostinger-index-2 has-dark-color has-text-color has-link-color has-medium-font-size wp-elements-75c888c0f649688033085eeaa84258f3\" style=\"margin-top:var(--wp--preset--spacing--40)\">M\u00fccevherat kutular\u0131m\u0131z, kalite ve estetikle m\u00fccevherlerinizi korur ve sergiler.<\/p>\n                <\/div><\/div>\n            <\/div>\n        <\/div><\/div>\n    <\/div><\/div>\n<div class=\"wp-block-group alignwide is-content-justification-center is-nowrap is-layout-flex wp-container-core-group-is-layout-16 wp-block-group-is-layout-flex\">\n    <div class=\"wp-block-group alignwide\"><div class=\"wp-block-group__inner-container is-layout-constrained wp-block-group-is-layout-constrained\">\n        <h2 class=\"wp-block-heading alignfull has-text-align-left hostinger-ai-title has-dark-color has-text-color has-link-color has-x-large-font-size wp-elements-b57513131fe2a6ea4cc44c74231c80a8\" style=\"margin-bottom:var(--wp--preset--spacing--50)\">M\u00fc\u015fteri Yorumlar\u0131<\/h2>\n        \n\n        \n        <div class=\"wp-block-columns alignwide is-layout-flex wp-container-core-columns-is-layout-2 wp-block-columns-is-layout-flex\">\n            <div class=\"wp-block-column is-vertically-aligned-center is-layout-flow wp-block-column-is-layout-flow\">\n                <div class=\"wp-block-group is-nowrap is-layout-flex wp-container-core-group-is-layout-13 wp-block-group-is-layout-flex\">\n                    <figure class=\"wp-block-image size-full is-resized has-custom-border hostinger-ai-testimonial-image\"><img decoding=\"async\" src=\"https:\/\/images.unsplash.com\/photo-1668536681484-6dd1dd3d6809?crop=entropy&amp;cs=srgb&amp;fm=jpg&amp;ixid=M3w0NTI1Mzl8MHwxfHNlYXJjaHwxOHx8bWFuJTIwZmFjZXxlbnwwfHx8fDE3Mjk4NTI2ODB8MA&amp;ixlib=rb-4.0.3&amp;q=85&amp;w=98&amp;h=108&amp;fit=crop\" alt=\"\" class=\"wp-image-265\" style=\"border-radius:8px;width:148px;height:auto\"><\/figure>\n                    \n\n                    \n                    <p class=\"hostinger-ai-testimonial-text has-dark-color has-text-color has-link-color has-medium-font-size wp-elements-701275f9289660b6e309378174baee7c wp-container-content-2\" style=\"padding-left:var(--wp--preset--spacing--20)\">Vista Bella&#8217;n\u0131n m\u00fccevherat kutular\u0131, kalitesi ve \u015f\u0131kl\u0131\u011f\u0131 ile g\u00f6z dolduruyor.<\/p>\n                    <\/div>\n                <\/div>\n            \n\n            \n            <div class=\"wp-block-column is-vertically-aligned-center is-layout-flow wp-block-column-is-layout-flow\">\n                <div class=\"wp-block-group is-nowrap is-layout-flex wp-container-core-group-is-layout-14 wp-block-group-is-layout-flex\">\n                    <figure class=\"wp-block-image size-full is-resized has-custom-border hostinger-ai-testimonial-image hostinger-index-1\"><img decoding=\"async\" src=\"https:\/\/images.unsplash.com\/photo-1682793844047-5d173c59576e?crop=entropy&amp;cs=srgb&amp;fm=jpg&amp;ixid=M3w0NTI1Mzl8MHwxfHNlYXJjaHw2fHx3b21hbiUyMGZhY2V8ZW58MHx8fHwxNzI5NzU1ODEwfDA&amp;ixlib=rb-4.0.3&amp;q=85&amp;w=98&amp;h=108&amp;fit=crop\" alt=\"\" class=\"wp-image-266\" style=\"border-radius:8px;width:148px;height:auto\"><\/figure>\n                    \n\n                    \n                    <p class=\"hostinger-ai-testimonial-text hostinger-index-1 has-dark-color has-text-color has-link-color has-medium-font-size wp-elements-420e4300da5018f16c6eba49fc0f0202 wp-container-content-3\" style=\"padding-left:var(--wp--preset--spacing--20)\">Kuyumcular i\u00e7in ideal vitrin \u00fcr\u00fcnleri, m\u00fc\u015fteri memnuniyetini art\u0131r\u0131yor. Te\u015fekk\u00fcrler Vista Bella!<\/p>\n                    <\/div>\n                <\/div>\n            <\/div>\n        <\/div><\/div>\n    <\/div>\n<div class=\"wp-block-group alignfull hostinger-ai-solid-block has-color-1-background-color has-background\" style=\"padding-top:var(--wp--preset--spacing--60);padding-bottom:var(--wp--preset--spacing--60)\"><div class=\"wp-block-group__inner-container is-layout-constrained wp-block-group-is-layout-constrained\">\n    <div class=\"wp-block-group alignwide is-vertical is-content-justification-center is-nowrap is-layout-flex wp-container-core-group-is-layout-18 wp-block-group-is-layout-flex\" style=\"min-height:0px;padding-top:0;padding-bottom:0\">\n        <div class=\"wp-block-group wp-container-content-4 is-content-justification-center\"><div class=\"wp-block-group__inner-container is-layout-constrained wp-block-group-is-layout-constrained\">\n            <h2 class=\"wp-block-heading has-text-align-center hostinger-ai-title has-dark-color has-text-color has-link-color has-x-large-font-size wp-elements-488d72540b2989cfbd6aea7168d45a34\" style=\"margin-top:0;margin-right:0;margin-bottom:0;margin-left:0\">M\u00fccevherat Kutular\u0131nda Estetik<\/h2>\n            \n\n            \n            <p class=\"has-text-align-center hostinger-ai-description has-dark-color has-text-color has-link-color has-medium-font-size wp-elements-6b8da7be4f58d8508f4bda8863bf87bd\" style=\"margin-top:var(--wp--preset--spacing--20);margin-bottom:var(--wp--preset--spacing--50)\">Vista Bella markas\u0131 ile \u015f\u0131k ve zarif m\u00fccevherat kutular\u0131n\u0131 ke\u015ffedin. Kuyumcular i\u00e7in \u00f6zel tasar\u0131mlar sizleri bekliyor.<\/p>\n            \n\n            \n            <div class=\"wp-block-buttons is-content-justification-center is-layout-flex wp-container-core-buttons-is-layout-2 wp-block-buttons-is-layout-flex\">\n                <div class=\"wp-block-button has-custom-font-size hostinger-ai-cta-button has-medium-font-size\"><a class=\"wp-block-button__link has-dark-color has-contrast-background-color has-text-color has-background has-link-color has-border-color has-dark-border-color wp-element-button\" style=\"padding-top:var(--wp--preset--spacing--30);padding-right:var(--wp--preset--spacing--70);padding-bottom:var(--wp--preset--spacing--30);padding-left:var(--wp--preset--spacing--70)\">Ke\u015ffet<\/a><\/div>\n                <\/div>\n            <\/div><\/div>\n        <\/div>\n    <\/div><\/div>\n","protected":false},"excerpt":{"rendered":"<p>M\u00fccevherat Kutular\u0131 Vista Bella ile \u015f\u0131kl\u0131\u011f\u0131 ve zarafeti m\u00fccevherat kutular\u0131nda ke\u015ffedin. M\u00fccevherat Kutular\u0131 Vista Bella markas\u0131 alt\u0131nda, m\u00fccevherat kutular\u0131 ve kuyumcular\u0131n vitrinlerinde yer alan \u015f\u0131k dekor \u00fcr\u00fcnlerini tan\u0131tmay\u0131 ama\u00e7l\u0131yoruz. Kalite ve estetik \u00f6nceli\u011fimizdir. M\u00fccevherat Kutular\u0131 Vista Bella markas\u0131yla \u015f\u0131k m\u00fccevherat kutular\u0131n\u0131 ke\u015ffedin, zarafeti yans\u0131t\u0131n. Kuyumcular i\u00e7in \u00f6zel tasar\u0131m vitrin kutular\u0131yla m\u00fccevherlerinizi sergileyin. M\u00fccevherat kutular\u0131m\u0131z, kalite [&hellip;]<\/p>\n","protected":false},"author":1,"featured_media":0,"parent":0,"menu_order":0,"comment_status":"closed","ping_status":"closed","template":"","meta":{"_acf_changed":false,"footnotes":""},"class_list":["post-1357","page","type-page","status-publish","hentry"],"acf":[],"yoast_head":"<!-- This site is optimized with the Yoast SEO plugin v26.3 - https:\/\/yoast.com\/wordpress\/plugins\/seo\/ -->\n<title>Home - VistaBella Jeweler Decor<\/title>\n<meta name=\"robots\" content=\"index, follow, max-snippet:-1, max-image-preview:large, max-video-preview:-1\" \/>\n<link rel=\"canonical\" href=\"https:\/\/vistabella.world\/en\/\" \/>\n<meta property=\"og:locale\" content=\"en_US\" \/>\n<meta property=\"og:type\" content=\"article\" \/>\n<meta property=\"og:title\" content=\"Home - VistaBella Jeweler Decor\" \/>\n<meta property=\"og:description\" content=\"M\u00fccevherat Kutular\u0131 Vista Bella ile \u015f\u0131kl\u0131\u011f\u0131 ve zarafeti m\u00fccevherat kutular\u0131nda ke\u015ffedin. M\u00fccevherat Kutular\u0131 Vista Bella markas\u0131 alt\u0131nda, m\u00fccevherat kutular\u0131 ve kuyumcular\u0131n vitrinlerinde yer alan \u015f\u0131k dekor \u00fcr\u00fcnlerini tan\u0131tmay\u0131 ama\u00e7l\u0131yoruz. Kalite ve estetik \u00f6nceli\u011fimizdir. M\u00fccevherat Kutular\u0131 Vista Bella markas\u0131yla \u015f\u0131k m\u00fccevherat kutular\u0131n\u0131 ke\u015ffedin, zarafeti yans\u0131t\u0131n. Kuyumcular i\u00e7in \u00f6zel tasar\u0131m vitrin kutular\u0131yla m\u00fccevherlerinizi sergileyin. M\u00fccevherat kutular\u0131m\u0131z, kalite [&hellip;]\" \/>\n<meta property=\"og:url\" content=\"https:\/\/vistabella.world\/en\/\" \/>\n<meta property=\"og:site_name\" content=\"VistaBella Jeweler Decor\" \/>\n<meta property=\"article:modified_time\" content=\"2025-11-07T12:08:07+00:00\" \/>\n<meta property=\"og:image\" content=\"https:\/\/vistabella.world\/wp-content\/uploads\/2024\/11\/fs-1.jpg\" \/>\n\t<meta property=\"og:image:width\" content=\"960\" \/>\n\t<meta property=\"og:image:height\" content=\"1280\" \/>\n\t<meta property=\"og:image:type\" content=\"image\/jpeg\" \/>\n<meta name=\"twitter:card\" content=\"summary_large_image\" \/>\n<meta name=\"twitter:label1\" content=\"Est. reading time\" \/>\n\t<meta name=\"twitter:data1\" content=\"1 minute\" \/>\n<script type=\"application\/ld+json\" class=\"yoast-schema-graph\">{\"@context\":\"https:\/\/schema.org\",\"@graph\":[{\"@type\":\"WebPage\",\"@id\":\"https:\/\/vistabella.world\/en\/\",\"url\":\"https:\/\/vistabella.world\/en\/\",\"name\":\"Home - VistaBella Jeweler Decor\",\"isPartOf\":{\"@id\":\"https:\/\/vistabella.world\/#website\"},\"primaryImageOfPage\":{\"@id\":\"https:\/\/vistabella.world\/en\/#primaryimage\"},\"image\":{\"@id\":\"https:\/\/vistabella.world\/en\/#primaryimage\"},\"thumbnailUrl\":\"https:\/\/images.unsplash.com\/photo-1515562141207-7a88fb7ce338?crop=entropy&amp;cs=srgb&amp;fm=jpg&amp;ixid=M3w0NTI1Mzl8MHwxfHNlYXJjaHwyfHxqZXdlbHJ5JTIwYm94ZXN8ZW58MHx8fHwxNzI5ODUyODA4fDA&amp;ixlib=rb-4.0.3&amp;q=85&amp;w=1100&amp;h=359&amp;fit=crop\",\"datePublished\":\"2024-10-25T07:40:08+00:00\",\"dateModified\":\"2025-11-07T12:08:07+00:00\",\"breadcrumb\":{\"@id\":\"https:\/\/vistabella.world\/en\/#breadcrumb\"},\"inLanguage\":\"en-US\",\"potentialAction\":[{\"@type\":\"ReadAction\",\"target\":[\"https:\/\/vistabella.world\/en\/\"]}]},{\"@type\":\"ImageObject\",\"inLanguage\":\"en-US\",\"@id\":\"https:\/\/vistabella.world\/en\/#primaryimage\",\"url\":\"https:\/\/images.unsplash.com\/photo-1515562141207-7a88fb7ce338?crop=entropy&amp;cs=srgb&amp;fm=jpg&amp;ixid=M3w0NTI1Mzl8MHwxfHNlYXJjaHwyfHxqZXdlbHJ5JTIwYm94ZXN8ZW58MHx8fHwxNzI5ODUyODA4fDA&amp;ixlib=rb-4.0.3&amp;q=85&amp;w=1100&amp;h=359&amp;fit=crop\",\"contentUrl\":\"https:\/\/images.unsplash.com\/photo-1515562141207-7a88fb7ce338?crop=entropy&amp;cs=srgb&amp;fm=jpg&amp;ixid=M3w0NTI1Mzl8MHwxfHNlYXJjaHwyfHxqZXdlbHJ5JTIwYm94ZXN8ZW58MHx8fHwxNzI5ODUyODA4fDA&amp;ixlib=rb-4.0.3&amp;q=85&amp;w=1100&amp;h=359&amp;fit=crop\"},{\"@type\":\"BreadcrumbList\",\"@id\":\"https:\/\/vistabella.world\/en\/#breadcrumb\",\"itemListElement\":[{\"@type\":\"ListItem\",\"position\":1,\"name\":\"Anasayfa\",\"item\":\"https:\/\/vistabella.world\/en\/\"},{\"@type\":\"ListItem\",\"position\":2,\"name\":\"Home\"}]},{\"@type\":\"WebSite\",\"@id\":\"https:\/\/vistabella.world\/#website\",\"url\":\"https:\/\/vistabella.world\/\",\"name\":\"VistaBella Jeweler Decor\",\"description\":\"\",\"publisher\":{\"@id\":\"https:\/\/vistabella.world\/#organization\"},\"potentialAction\":[{\"@type\":\"SearchAction\",\"target\":{\"@type\":\"EntryPoint\",\"urlTemplate\":\"https:\/\/vistabella.world\/?s={search_term_string}\"},\"query-input\":{\"@type\":\"PropertyValueSpecification\",\"valueRequired\":true,\"valueName\":\"search_term_string\"}}],\"inLanguage\":\"en-US\"},{\"@type\":\"Organization\",\"@id\":\"https:\/\/vistabella.world\/#organization\",\"name\":\"VistaBella Jeweler Decor\",\"url\":\"https:\/\/vistabella.world\/\",\"logo\":{\"@type\":\"ImageObject\",\"inLanguage\":\"en-US\",\"@id\":\"https:\/\/vistabella.world\/#\/schema\/logo\/image\/\",\"url\":\"https:\/\/vistabella.world\/wp-content\/uploads\/2024\/11\/vistabella-logo-vw-1.png\",\"contentUrl\":\"https:\/\/vistabella.world\/wp-content\/uploads\/2024\/11\/vistabella-logo-vw-1.png\",\"width\":1280,\"height\":655,\"caption\":\"VistaBella Jeweler Decor\"},\"image\":{\"@id\":\"https:\/\/vistabella.world\/#\/schema\/logo\/image\/\"},\"sameAs\":[\"https:\/\/www.instagram.com\/vistabella_jeweler_decor\/\"]}]}<\/script>\n<!-- \/ Yoast SEO plugin. -->","yoast_head_json":{"title":"Home - VistaBella Jeweler Decor","robots":{"index":"index","follow":"follow","max-snippet":"max-snippet:-1","max-image-preview":"max-image-preview:large","max-video-preview":"max-video-preview:-1"},"canonical":"https:\/\/vistabella.world\/en\/","og_locale":"en_US","og_type":"article","og_title":"Home - VistaBella Jeweler Decor","og_description":"M\u00fccevherat Kutular\u0131 Vista Bella ile \u015f\u0131kl\u0131\u011f\u0131 ve zarafeti m\u00fccevherat kutular\u0131nda ke\u015ffedin. M\u00fccevherat Kutular\u0131 Vista Bella markas\u0131 alt\u0131nda, m\u00fccevherat kutular\u0131 ve kuyumcular\u0131n vitrinlerinde yer alan \u015f\u0131k dekor \u00fcr\u00fcnlerini tan\u0131tmay\u0131 ama\u00e7l\u0131yoruz. Kalite ve estetik \u00f6nceli\u011fimizdir. M\u00fccevherat Kutular\u0131 Vista Bella markas\u0131yla \u015f\u0131k m\u00fccevherat kutular\u0131n\u0131 ke\u015ffedin, zarafeti yans\u0131t\u0131n. Kuyumcular i\u00e7in \u00f6zel tasar\u0131m vitrin kutular\u0131yla m\u00fccevherlerinizi sergileyin. M\u00fccevherat kutular\u0131m\u0131z, kalite [&hellip;]","og_url":"https:\/\/vistabella.world\/en\/","og_site_name":"VistaBella Jeweler Decor","article_modified_time":"2025-11-07T12:08:07+00:00","og_image":[{"width":960,"height":1280,"url":"https:\/\/vistabella.world\/wp-content\/uploads\/2024\/11\/fs-1.jpg","type":"image\/jpeg"}],"twitter_card":"summary_large_image","twitter_misc":{"Est. reading time":"1 minute"},"schema":{"@context":"https:\/\/schema.org","@graph":[{"@type":"WebPage","@id":"https:\/\/vistabella.world\/en\/","url":"https:\/\/vistabella.world\/en\/","name":"Home - VistaBella Jeweler Decor","isPartOf":{"@id":"https:\/\/vistabella.world\/#website"},"primaryImageOfPage":{"@id":"https:\/\/vistabella.world\/en\/#primaryimage"},"image":{"@id":"https:\/\/vistabella.world\/en\/#primaryimage"},"thumbnailUrl":"https:\/\/images.unsplash.com\/photo-1515562141207-7a88fb7ce338?crop=entropy&amp;cs=srgb&amp;fm=jpg&amp;ixid=M3w0NTI1Mzl8MHwxfHNlYXJjaHwyfHxqZXdlbHJ5JTIwYm94ZXN8ZW58MHx8fHwxNzI5ODUyODA4fDA&amp;ixlib=rb-4.0.3&amp;q=85&amp;w=1100&amp;h=359&amp;fit=crop","datePublished":"2024-10-25T07:40:08+00:00","dateModified":"2025-11-07T12:08:07+00:00","breadcrumb":{"@id":"https:\/\/vistabella.world\/en\/#breadcrumb"},"inLanguage":"en-US","potentialAction":[{"@type":"ReadAction","target":["https:\/\/vistabella.world\/en\/"]}]},{"@type":"ImageObject","inLanguage":"en-US","@id":"https:\/\/vistabella.world\/en\/#primaryimage","url":"https:\/\/images.unsplash.com\/photo-1515562141207-7a88fb7ce338?crop=entropy&amp;cs=srgb&amp;fm=jpg&amp;ixid=M3w0NTI1Mzl8MHwxfHNlYXJjaHwyfHxqZXdlbHJ5JTIwYm94ZXN8ZW58MHx8fHwxNzI5ODUyODA4fDA&amp;ixlib=rb-4.0.3&amp;q=85&amp;w=1100&amp;h=359&amp;fit=crop","contentUrl":"https:\/\/images.unsplash.com\/photo-1515562141207-7a88fb7ce338?crop=entropy&amp;cs=srgb&amp;fm=jpg&amp;ixid=M3w0NTI1Mzl8MHwxfHNlYXJjaHwyfHxqZXdlbHJ5JTIwYm94ZXN8ZW58MHx8fHwxNzI5ODUyODA4fDA&amp;ixlib=rb-4.0.3&amp;q=85&amp;w=1100&amp;h=359&amp;fit=crop"},{"@type":"BreadcrumbList","@id":"https:\/\/vistabella.world\/en\/#breadcrumb","itemListElement":[{"@type":"ListItem","position":1,"name":"Anasayfa","item":"https:\/\/vistabella.world\/en\/"},{"@type":"ListItem","position":2,"name":"Home"}]},{"@type":"WebSite","@id":"https:\/\/vistabella.world\/#website","url":"https:\/\/vistabella.world\/","name":"VistaBella Jeweler Decor","description":"","publisher":{"@id":"https:\/\/vistabella.world\/#organization"},"potentialAction":[{"@type":"SearchAction","target":{"@type":"EntryPoint","urlTemplate":"https:\/\/vistabella.world\/?s={search_term_string}"},"query-input":{"@type":"PropertyValueSpecification","valueRequired":true,"valueName":"search_term_string"}}],"inLanguage":"en-US"},{"@type":"Organization","@id":"https:\/\/vistabella.world\/#organization","name":"VistaBella Jeweler Decor","url":"https:\/\/vistabella.world\/","logo":{"@type":"ImageObject","inLanguage":"en-US","@id":"https:\/\/vistabella.world\/#\/schema\/logo\/image\/","url":"https:\/\/vistabella.world\/wp-content\/uploads\/2024\/11\/vistabella-logo-vw-1.png","contentUrl":"https:\/\/vistabella.world\/wp-content\/uploads\/2024\/11\/vistabella-logo-vw-1.png","width":1280,"height":655,"caption":"VistaBella Jeweler Decor"},"image":{"@id":"https:\/\/vistabella.world\/#\/schema\/logo\/image\/"},"sameAs":["https:\/\/www.instagram.com\/vistabella_jeweler_decor\/"]}]}},"_links":{"self":[{"href":"https:\/\/vistabella.world\/en\/wp-json\/wp\/v2\/pages\/1357","targetHints":{"allow":["GET"]}}],"collection":[{"href":"https:\/\/vistabella.world\/en\/wp-json\/wp\/v2\/pages"}],"about":[{"href":"https:\/\/vistabella.world\/en\/wp-json\/wp\/v2\/types\/page"}],"author":[{"embeddable":true,"href":"https:\/\/vistabella.world\/en\/wp-json\/wp\/v2\/users\/1"}],"replies":[{"embeddable":true,"href":"https:\/\/vistabella.world\/en\/wp-json\/wp\/v2\/comments?post=1357"}],"version-history":[{"count":4,"href":"https:\/\/vistabella.world\/en\/wp-json\/wp\/v2\/pages\/1357\/revisions"}],"predecessor-version":[{"id":1815,"href":"https:\/\/vistabella.world\/en\/wp-json\/wp\/v2\/pages\/1357\/revisions\/1815"}],"wp:attachment":[{"href":"https:\/\/vistabella.world\/en\/wp-json\/wp\/v2\/media?parent=1357"}],"curies":[{"name":"wp","href":"https:\/\/api.w.org\/{rel}","templated":true}]}}